{"id":954,"date":"2022-03-04T10:52:48","date_gmt":"2022-03-04T07:52:48","guid":{"rendered":"https:\/\/fiber4silage.kinggeov.space\/soutien\/"},"modified":"2022-08-05T20:18:23","modified_gmt":"2022-08-05T17:18:23","slug":"support","status":"publish","type":"page","link":"https:\/\/fiber4silage.dope.studio\/fr\/support\/","title":{"rendered":"Soutien"},"content":{"rendered":"\n<div class=\"forminator-guttenberg\"><div class=\"forminator-ui forminator-custom-form forminator-custom-form-949   forminator_ajax\" data-forminator-render=\"0\" data-form=\"forminator-module-949\" data-uid=\"69fc69b00ed30\"><br\/><\/div><form\n\t\t\t\tid=\"forminator-module-949\"\n\t\t\t\tclass=\"forminator-ui forminator-custom-form forminator-custom-form-949   forminator_ajax\"\n\t\t\t\tmethod=\"post\"\n\t\t\t\tdata-forminator-render=\"0\"\n\t\t\t\tdata-form-id=\"949\"\n\t\t\t\t data-color-option=\"default\" data-design=\"none\" data-grid=\"open\" style=\"display: none;\"\n\t\t\t\tdata-uid=\"69fc69b00ed30\"\n\t\t\t><div role=\"alert\" aria-live=\"polite\" class=\"forminator-response-message forminator-error\" aria-hidden=\"true\"><\/div><div class=\"forminator-row\"><div id=\"section-1\" class=\"forminator-field-section forminator-col forminator-col-12 \"><div class=\"forminator-field\"><h2 class=\"forminator-title\">Donn\u00e9es client<\/h2><\/div><\/div><\/div><div class=\"forminator-row\"><div id=\"name-1\" class=\"forminator-field-name forminator-col forminator-col-6 \"><div class=\"forminator-field\"><label for=\"forminator-field-name-1_69fc69b00ed30\" id=\"forminator-field-name-1_69fc69b00ed30-label\" class=\"forminator-label\">Pr\u00e9nom <span class=\"forminator-required\">*<\/span><\/label><input type=\"text\" name=\"name-1\" value=\"\" placeholder=\"Votre pr\u00e9nom ici\" id=\"forminator-field-name-1_69fc69b00ed30\" class=\"forminator-input forminator-name--field\" aria-required=\"true\" autocomplete=\"name\" \/><\/div><\/div><div id=\"name-2\" class=\"forminator-field-name forminator-col forminator-col-6 \"><div class=\"forminator-field\"><label for=\"forminator-field-name-2_69fc69b00ed30\" id=\"forminator-field-name-2_69fc69b00ed30-label\" class=\"forminator-label\">Nom <span class=\"forminator-required\">*<\/span><\/label><input type=\"text\" name=\"name-2\" value=\"\" placeholder=\"Votre nom ici\" id=\"forminator-field-name-2_69fc69b00ed30\" class=\"forminator-input forminator-name--field\" aria-required=\"true\" autocomplete=\"name\" \/><\/div><\/div><\/div><div class=\"forminator-row\"><div id=\"text-1\" class=\"forminator-field-text forminator-col forminator-col-4  field-6\"><div class=\"forminator-field\"><label for=\"forminator-field-text-1_69fc69b00ed30\" id=\"forminator-field-text-1_69fc69b00ed30-label\" class=\"forminator-label\">Rue<\/label><input type=\"text\" name=\"text-1\" value=\"\" placeholder=\"Rue\" id=\"forminator-field-text-1_69fc69b00ed30\" class=\"forminator-input forminator-name--field\" data-required=\"\" \/><\/div><\/div><div id=\"text-2\" class=\"forminator-field-text forminator-col forminator-col-4  field-3 street-no\"><div class=\"forminator-field\"><label for=\"forminator-field-text-2_69fc69b00ed30\" id=\"forminator-field-text-2_69fc69b00ed30-label\" class=\"forminator-label\">N\u00b0 de voie<\/label><input type=\"text\" name=\"text-2\" value=\"\" placeholder=\"N\u00b0 de voie\" id=\"forminator-field-text-2_69fc69b00ed30\" class=\"forminator-input forminator-name--field\" data-required=\"\" \/><\/div><\/div><div id=\"text-3\" class=\"forminator-field-text forminator-col forminator-col-4  field-3 zip-code\"><div class=\"forminator-field\"><label for=\"forminator-field-text-3_69fc69b00ed30\" id=\"forminator-field-text-3_69fc69b00ed30-label\" class=\"forminator-label\">Code postal<\/label><input type=\"text\" name=\"text-3\" value=\"\" placeholder=\"Code postal\" id=\"forminator-field-text-3_69fc69b00ed30\" class=\"forminator-input forminator-name--field\" data-required=\"\" \/><\/div><\/div><\/div><div class=\"forminator-row\"><div id=\"text-4\" class=\"forminator-field-text forminator-col forminator-col-6 \"><div class=\"forminator-field\"><label for=\"forminator-field-text-4_69fc69b00ed30\" id=\"forminator-field-text-4_69fc69b00ed30-label\" class=\"forminator-label\">Ville<\/label><input type=\"text\" name=\"text-4\" value=\"\" placeholder=\"Ville\" id=\"forminator-field-text-4_69fc69b00ed30\" class=\"forminator-input forminator-name--field\" data-required=\"\" \/><\/div><\/div><div id=\"text-5\" class=\"forminator-field-text forminator-col forminator-col-6 \"><div class=\"forminator-field\"><label for=\"forminator-field-text-5_69fc69b00ed30\" id=\"forminator-field-text-5_69fc69b00ed30-label\" class=\"forminator-label\">Pays<\/label><input type=\"text\" name=\"text-5\" value=\"\" placeholder=\"Pays\" id=\"forminator-field-text-5_69fc69b00ed30\" class=\"forminator-input forminator-name--field\" data-required=\"\" \/><\/div><\/div><\/div><div class=\"forminator-row\"><div id=\"phone-1\" class=\"forminator-field-phone forminator-col forminator-col-6 \"><div class=\"forminator-field\"><label for=\"forminator-field-phone-1_69fc69b00ed30\" id=\"forminator-field-phone-1_69fc69b00ed30-label\" class=\"forminator-label\">T\u00e9l\u00e9phone<\/label><input type=\"text\" name=\"phone-1\" value=\"\" placeholder=\"T\u00e9l\u00e9phone +33xxxxxxxxxx\" id=\"forminator-field-phone-1_69fc69b00ed30\" class=\"forminator-input forminator-field--phone\" data-required=\"\" aria-required=\"false\" autocomplete=\"off\" data-national_mode=\"disabled\" data-country=\"fr\" data-validation=\"international\" \/><\/div><\/div><div id=\"email-1\" class=\"forminator-field-email forminator-col forminator-col-6 \"><div class=\"forminator-field\"><label for=\"forminator-field-email-1_69fc69b00ed30\" id=\"forminator-field-email-1_69fc69b00ed30-label\" class=\"forminator-label\">Email <span class=\"forminator-required\">*<\/span><\/label><input type=\"email\" name=\"email-1\" value=\"\" placeholder=\"Email\" id=\"forminator-field-email-1_69fc69b00ed30\" class=\"forminator-input forminator-email--field\" data-required=\"1\" aria-required=\"true\" autocomplete=\"email\" \/><\/div><\/div><\/div><div class=\"forminator-row\"><div id=\"section-2\" class=\"forminator-field-section forminator-col forminator-col-12 \"><div class=\"forminator-field\"><h2 class=\"forminator-title\">Donn\u00e9es sur les produits et les balles<\/h2><\/div><\/div><\/div><div class=\"forminator-row\"><div id=\"select-1\" class=\"forminator-field-select forminator-col forminator-col-12 \"><div class=\"forminator-field\"><label for=\"forminator-form-949__field--select-1_69fc69b00ed30\" id=\"forminator-form-949__field--select-1_69fc69b00ed30-label\" class=\"forminator-label\">Nom du produit<\/label><select  id=\"forminator-form-949__field--select-1_69fc69b00ed30\" class=\"forminator-select--field forminator-select2 forminator-select2-multiple\" data-required=\"\" name=\"select-1\" data-default-value=\"\" data-placeholder=\"\" data-search=\"false\" data-search-placeholder=\"\" data-checkbox=\"false\" data-allow-clear=\"false\" aria-labelledby=\"forminator-form-949__field--select-1_69fc69b00ed30-label\"><option value=\"Prime\"  data-calculation=\"0\">Prime<\/option><\/select><\/div><\/div><\/div><div class=\"forminator-row\"><div id=\"select-2\" class=\"forminator-field-select forminator-col forminator-col-12 \"><div class=\"forminator-field\"><label for=\"forminator-form-949__field--select-2_69fc69b00ed30\" id=\"forminator-form-949__field--select-2_69fc69b00ed30-label\" class=\"forminator-label\">Type de balle <span class=\"forminator-required\">*<\/span><\/label><div class=\"forminator-multiselect\" aria-labelledby=\"forminator-form-949__field--select-2_69fc69b00ed30-label\"><label id=\"forminator-form-949__field--select-2_69fc69b00ed30-1-label\" for=\"forminator-form-949__field--select-2_69fc69b00ed30-1\" class=\"forminator-option forminator-is_checked\"><input type=\"checkbox\" name=\"select-2[]\" value=\"hidden\" id=\"forminator-form-949__field--select-2_69fc69b00ed30-1\" aria-labelledby=\"forminator-form-949__field--select-2_69fc69b00ed30-1-label\" data-calculation=\"0\"  checked=\"checked\" \/>hidden<\/label><label id=\"forminator-form-949__field--select-2_69fc69b00ed30-2-label\" for=\"forminator-form-949__field--select-2_69fc69b00ed30-2\" class=\"forminator-option\"><input type=\"checkbox\" name=\"select-2[]\" value=\"Ronde\" id=\"forminator-form-949__field--select-2_69fc69b00ed30-2\" aria-labelledby=\"forminator-form-949__field--select-2_69fc69b00ed30-2-label\" data-calculation=\"0\"   \/>Ronde<\/label><label id=\"forminator-form-949__field--select-2_69fc69b00ed30-3-label\" for=\"forminator-form-949__field--select-2_69fc69b00ed30-3\" class=\"forminator-option\"><input type=\"checkbox\" name=\"select-2[]\" value=\"Carr\u00e9e\" id=\"forminator-form-949__field--select-2_69fc69b00ed30-3\" aria-labelledby=\"forminator-form-949__field--select-2_69fc69b00ed30-3-label\" data-calculation=\"0\"   \/>Carr\u00e9e<\/label><label id=\"forminator-form-949__field--select-2_69fc69b00ed30-4-label\" for=\"forminator-form-949__field--select-2_69fc69b00ed30-4\" class=\"forminator-option\"><input type=\"checkbox\" name=\"select-2[]\" value=\"Autre\" id=\"forminator-form-949__field--select-2_69fc69b00ed30-4\" aria-labelledby=\"forminator-form-949__field--select-2_69fc69b00ed30-4-label\" data-calculation=\"0\"   \/>Autre<\/label><input type='hidden' name='select-2-multiselect-default-values' class='multiselect-default-values' value='{\"0\":\"hidden\"}' \/><\/div><\/div><\/div><\/div><div class=\"forminator-row\"><div id=\"text-6\" class=\"forminator-field-text forminator-col forminator-col-12 \"><div class=\"forminator-field\"><label for=\"forminator-field-text-6_69fc69b00ed30\" id=\"forminator-field-text-6_69fc69b00ed30-label\" class=\"forminator-label\">Type de balle (autre) <span class=\"forminator-required\">*<\/span><\/label><input type=\"text\" name=\"text-6\" value=\"\" placeholder=\"Type de balle\" id=\"forminator-field-text-6_69fc69b00ed30\" class=\"forminator-input forminator-name--field\" data-required=\"1\" \/><\/div><\/div><\/div><div class=\"forminator-row\"><div id=\"select-3\" class=\"forminator-field-select forminator-col forminator-col-12 \"><div class=\"forminator-field\"><label for=\"forminator-form-949__field--select-3_69fc69b00ed30\" id=\"forminator-form-949__field--select-3_69fc69b00ed30-label\" class=\"forminator-label\">Type de fourrage <span class=\"forminator-required\">*<\/span><\/label><div class=\"forminator-multiselect\" aria-labelledby=\"forminator-form-949__field--select-3_69fc69b00ed30-label\"><label id=\"forminator-form-949__field--select-3_69fc69b00ed30-1-label\" for=\"forminator-form-949__field--select-3_69fc69b00ed30-1\" class=\"forminator-option forminator-is_checked\"><input type=\"checkbox\" name=\"select-3[]\" value=\"hidden\" id=\"forminator-form-949__field--select-3_69fc69b00ed30-1\" aria-labelledby=\"forminator-form-949__field--select-3_69fc69b00ed30-1-label\" data-calculation=\"0\"  checked=\"checked\" \/>hidden<\/label><label id=\"forminator-form-949__field--select-3_69fc69b00ed30-2-label\" for=\"forminator-form-949__field--select-3_69fc69b00ed30-2\" class=\"forminator-option\"><input type=\"checkbox\" name=\"select-3[]\" value=\"Paille\" id=\"forminator-form-949__field--select-3_69fc69b00ed30-2\" aria-labelledby=\"forminator-form-949__field--select-3_69fc69b00ed30-2-label\" data-calculation=\"0\"   \/>Paille<\/label><label id=\"forminator-form-949__field--select-3_69fc69b00ed30-3-label\" for=\"forminator-form-949__field--select-3_69fc69b00ed30-3\" class=\"forminator-option\"><input type=\"checkbox\" name=\"select-3[]\" value=\"Ensilage-de-foin\" id=\"forminator-form-949__field--select-3_69fc69b00ed30-3\" aria-labelledby=\"forminator-form-949__field--select-3_69fc69b00ed30-3-label\" data-calculation=\"0\"   \/>Ensilage de foin<\/label><label id=\"forminator-form-949__field--select-3_69fc69b00ed30-4-label\" for=\"forminator-form-949__field--select-3_69fc69b00ed30-4\" class=\"forminator-option\"><input type=\"checkbox\" name=\"select-3[]\" value=\"Ensilage\" id=\"forminator-form-949__field--select-3_69fc69b00ed30-4\" aria-labelledby=\"forminator-form-949__field--select-3_69fc69b00ed30-4-label\" data-calculation=\"0\"   \/>Ensilage<\/label><label id=\"forminator-form-949__field--select-3_69fc69b00ed30-5-label\" for=\"forminator-form-949__field--select-3_69fc69b00ed30-5\" class=\"forminator-option\"><input type=\"checkbox\" name=\"select-3[]\" value=\"Herbe\" id=\"forminator-form-949__field--select-3_69fc69b00ed30-5\" aria-labelledby=\"forminator-form-949__field--select-3_69fc69b00ed30-5-label\" data-calculation=\"0\"   \/>Herbe<\/label><label id=\"forminator-form-949__field--select-3_69fc69b00ed30-6-label\" for=\"forminator-form-949__field--select-3_69fc69b00ed30-6\" class=\"forminator-option\"><input type=\"checkbox\" name=\"select-3[]\" value=\"Ma\u00efs\" id=\"forminator-form-949__field--select-3_69fc69b00ed30-6\" aria-labelledby=\"forminator-form-949__field--select-3_69fc69b00ed30-6-label\" data-calculation=\"0\"   \/>Ma\u00efs<\/label><label id=\"forminator-form-949__field--select-3_69fc69b00ed30-7-label\" for=\"forminator-form-949__field--select-3_69fc69b00ed30-7\" class=\"forminator-option\"><input type=\"checkbox\" name=\"select-3[]\" value=\"Luzerne\" id=\"forminator-form-949__field--select-3_69fc69b00ed30-7\" aria-labelledby=\"forminator-form-949__field--select-3_69fc69b00ed30-7-label\" data-calculation=\"0\"   \/>Luzerne<\/label><label id=\"forminator-form-949__field--select-3_69fc69b00ed30-8-label\" for=\"forminator-form-949__field--select-3_69fc69b00ed30-8\" class=\"forminator-option\"><input type=\"checkbox\" name=\"select-3[]\" value=\"Autre\" id=\"forminator-form-949__field--select-3_69fc69b00ed30-8\" aria-labelledby=\"forminator-form-949__field--select-3_69fc69b00ed30-8-label\" data-calculation=\"0\"   \/>Autre<\/label><input type='hidden' name='select-3-multiselect-default-values' class='multiselect-default-values' value='{\"0\":\"hidden\"}' \/><\/div><\/div><\/div><\/div><div class=\"forminator-row\"><div id=\"text-7\" class=\"forminator-field-text forminator-col forminator-col-12 \"><div class=\"forminator-field\"><label for=\"forminator-field-text-7_69fc69b00ed30\" id=\"forminator-field-text-7_69fc69b00ed30-label\" class=\"forminator-label\">Type de fourrage (autre) <span class=\"forminator-required\">*<\/span><\/label><input type=\"text\" name=\"text-7\" value=\"\" placeholder=\"Type de fourrage\" id=\"forminator-field-text-7_69fc69b00ed30\" class=\"forminator-input forminator-name--field\" data-required=\"1\" \/><\/div><\/div><\/div><div class=\"forminator-row\"><div id=\"section-3\" class=\"forminator-field-section forminator-col forminator-col-12 \"><div class=\"forminator-field\"><h2 class=\"forminator-title\">Donn\u00e9es machines<\/h2><\/div><\/div><\/div><div class=\"forminator-row\"><div id=\"text-8\" class=\"forminator-field-text forminator-col forminator-col-12 \"><div class=\"forminator-field\"><label for=\"forminator-field-text-8_69fc69b00ed30\" id=\"forminator-field-text-8_69fc69b00ed30-label\" class=\"forminator-label\">Enrubanneuse (fabricant et mod\u00e8le) <span class=\"forminator-required\">*<\/span><\/label><input type=\"text\" name=\"text-8\" value=\"\" placeholder=\"\" id=\"forminator-field-text-8_69fc69b00ed30\" class=\"forminator-input forminator-name--field\" data-required=\"1\" \/><\/div><\/div><\/div><div class=\"forminator-row\"><div id=\"date-1\" class=\"forminator-field-date forminator-col forminator-col-12 \"><div class=\"forminator-field\"><label for=\"forminator-field-date-1-picker_69fc69b00ed30\" id=\"forminator-field-date-1-picker_69fc69b00ed30-label\" class=\"forminator-label\">Date de l\u2019enrubannage <span class=\"forminator-required\">*<\/span><\/label><div class=\"forminator-input-with-icon\"><span class=\"forminator-icon-calendar\" aria-hidden=\"true\"><\/span><input autocomplete=\"off\" type=\"text\" size=\"1\" name=\"date-1\" value=\"\" placeholder=\"Choisir la date\" id=\"forminator-field-date-1-picker_69fc69b00ed30\" class=\"forminator-input forminator-datepicker\" data-required=\"1\" data-format=\"mm\/dd\/yy\" data-restrict-type=\"\" data-restrict=\"\" data-start-year=\"1926\" data-end-year=\"2126\" data-past-dates=\"enable\" data-start-of-week=\"1\" data-start-date=\"\" data-end-date=\"\" data-start-field=\"\" data-end-field=\"\" data-start-offset=\"\" data-end-offset=\"\" data-disable-date=\"\" data-disable-range=\"\" \/><\/div><\/div><\/div><\/div><div class=\"forminator-row\"><div id=\"text-9\" class=\"forminator-field-text forminator-col forminator-col-12 \"><div class=\"forminator-field\"><label for=\"forminator-field-text-9_69fc69b00ed30\" id=\"forminator-field-text-9_69fc69b00ed30-label\" class=\"forminator-label\">Conditions m\u00e9t\u00e9orologiques \u00e0 ce moment-l\u00e0 <span class=\"forminator-required\">*<\/span><\/label><input type=\"text\" name=\"text-9\" value=\"\" placeholder=\"\" id=\"forminator-field-text-9_69fc69b00ed30\" class=\"forminator-input forminator-name--field\" data-required=\"1\" \/><\/div><\/div><\/div><div class=\"forminator-row\"><div id=\"textarea-1\" class=\"forminator-field-textarea forminator-col forminator-col-12 \"><div class=\"forminator-field\"><label for=\"forminator-field-textarea-1_69fc69b00ed30\" id=\"forminator-field-textarea-1_69fc69b00ed30-label\" class=\"forminator-label\">Description du probl\u00e8me <span class=\"forminator-required\">*<\/span><\/label><textarea name=\"textarea-1\" placeholder=\"D\u00e9crire votre probl\u00e8me\" id=\"forminator-field-textarea-1_69fc69b00ed30\" class=\"forminator-textarea\" rows=\"6\" style=\"min-height:140px;\" ><\/textarea><\/div><\/div><\/div><div class=\"forminator-row\"><div id=\"consent-1\" class=\"forminator-field-consent forminator-col forminator-col-12 \"><div class=\"forminator-field\"><div class=\"forminator-checkbox__wrapper\"><label id=\"forminator-field-consent-1_69fc69b00ed30__label\" class=\"forminator-checkbox forminator-consent\"><input type=\"checkbox\" name=\"consent-1\" id=\"forminator-field-consent-1_69fc69b00ed30\" value=\"checked\" aria-labelledby=\"forminator-field-consent-1_69fc69b00ed30-label\" aria-describedby=\"forminator-field-consent-1_69fc69b00ed30__description\" data-required=\"true\" aria-required=\"true\" \/><span class=\"forminator-checkbox-box\" aria-hidden=\"true\"><\/span><\/label><div id=\"forminator-field-consent-1_69fc69b00ed30__description\" class=\"forminator-checkbox__label forminator-consent__label\"><p>IJ\u2019ai lu et j\u2019accepte la <a href=\"\/fr\/terms-of-use\/\">Politique de confidentialit\u00e9 <\/a> de Megaplast*<\/p><\/div><\/div><\/div><\/div><\/div><input type=\"hidden\" name=\"referer_url\" value=\"\" \/><div class=\"forminator-row forminator-row-last\"><div class=\"forminator-col\"><div class=\"forminator-field\"><button class=\"forminator-button forminator-button-submit btn btn-yellow\">Soumettre<\/button><\/div><\/div><\/div><input type=\"hidden\" id=\"forminator_nonce\" name=\"forminator_nonce\" value=\"5e7cf1d6a7\" \/><input type=\"hidden\" name=\"_wp_http_referer\" value=\"\/fr\/wp-json\/wp\/v2\/pages\/954\" \/><input type=\"hidden\" name=\"form_id\" value=\"949\"><input type=\"hidden\" name=\"page_id\" value=\"954\"><input type=\"hidden\" name=\"form_type\" value=\"default\"><input type=\"hidden\" name=\"current_url\" value=\"https:\/\/fiber4silage.dope.studio\/fr\/support\/\"><input type=\"hidden\" name=\"render_id\" value=\"0\"><input type=\"hidden\" name=\"action\" value=\"forminator_submit_form_custom-forms\"><label for=\"input_20\" class=\"forminator-hidden\" aria-hidden=\"true\">Veuillez ne pas remplir ce champ. <input id=\"input_20\" type=\"text\" name=\"input_20\" value=\"\" autocomplete=\"off\"><\/label><\/form><\/div>\r\n","protected":false},"excerpt":{"rendered":"","protected":false},"author":1,"featured_media":853,"parent":0,"menu_order":0,"comment_status":"closed","ping_status":"closed","template":"page-forms.php","meta":{"footnotes":""},"class_list":["post-954","page","type-page","status-publish","has-post-thumbnail","hentry"],"yoast_head":"<!-- This site is optimized with the Yoast SEO plugin v27.4 - https:\/\/yoast.com\/product\/yoast-seo-wordpress\/ -->\n<title>Fiber4silage<\/title>\n<meta name=\"robots\" content=\"index, follow, max-snippet:-1, max-image-preview:large, max-video-preview:-1\" \/>\n<link rel=\"canonical\" href=\"\/\" \/>\n<meta property=\"og:locale\" content=\"fr_FR\" \/>\n<meta property=\"og:type\" content=\"article\" \/>\n<meta property=\"og:site_name\" content=\"Fiber4silage\" \/>\n<meta property=\"og:image\" content=\"https:\/\/fiber4silage.dope.studio\/wp-content\/uploads\/2022\/03\/og_image.png\" \/>\n\t<meta property=\"og:image:width\" content=\"1200\" \/>\n\t<meta property=\"og:image:height\" content=\"600\" \/>\n\t<meta property=\"og:image:type\" content=\"image\/png\" \/>\n<meta name=\"twitter:card\" content=\"summary_large_image\" \/>\n<script type=\"application\/ld+json\" class=\"yoast-schema-graph\">{\"@context\":\"https:\\\/\\\/schema.org\",\"@graph\":[{\"@type\":\"CollectionPage\",\"@id\":null,\"url\":\"\",\"name\":\"\",\"isPartOf\":{\"@id\":\"https:\\\/\\\/fiber4silage.dope.studio\\\/fr\\\/#website\"},\"inLanguage\":\"fr-FR\"},{\"@type\":\"WebSite\",\"@id\":\"https:\\\/\\\/fiber4silage.dope.studio\\\/fr\\\/#website\",\"url\":\"https:\\\/\\\/fiber4silage.dope.studio\\\/fr\\\/\",\"name\":\"Fiber4silage\",\"description\":\"\u0386\u03bb\u03bb\u03bf\u03c2 \u03ad\u03bd\u03b1\u03c2 \u03b9\u03c3\u03c4\u03cc\u03c4\u03bf\u03c0\u03bf\u03c2 WordPress\",\"publisher\":{\"@id\":\"https:\\\/\\\/fiber4silage.dope.studio\\\/fr\\\/#organization\"},\"potentialAction\":[{\"@type\":\"SearchAction\",\"target\":{\"@type\":\"EntryPoint\",\"urlTemplate\":\"https:\\\/\\\/fiber4silage.dope.studio\\\/fr\\\/?s={search_term_string}\"},\"query-input\":{\"@type\":\"PropertyValueSpecification\",\"valueRequired\":true,\"valueName\":\"search_term_string\"}}],\"inLanguage\":\"fr-FR\"},{\"@type\":\"Organization\",\"@id\":\"https:\\\/\\\/fiber4silage.dope.studio\\\/fr\\\/#organization\",\"name\":\"Fiber4silage\",\"url\":\"https:\\\/\\\/fiber4silage.dope.studio\\\/fr\\\/\",\"logo\":{\"@type\":\"ImageObject\",\"inLanguage\":\"fr-FR\",\"@id\":\"https:\\\/\\\/fiber4silage.dope.studio\\\/fr\\\/#\\\/schema\\\/logo\\\/image\\\/\",\"url\":\"https:\\\/\\\/fiber4silage.dope.studio\\\/wp-content\\\/uploads\\\/2022\\\/01\\\/Group-19608.png\",\"contentUrl\":\"https:\\\/\\\/fiber4silage.dope.studio\\\/wp-content\\\/uploads\\\/2022\\\/01\\\/Group-19608.png\",\"width\":269,\"height\":54,\"caption\":\"Fiber4silage\"},\"image\":{\"@id\":\"https:\\\/\\\/fiber4silage.dope.studio\\\/fr\\\/#\\\/schema\\\/logo\\\/image\\\/\"}}]}<\/script>\n<!-- \/ Yoast SEO plugin. -->","yoast_head_json":{"title":"Fiber4silage","robots":{"index":"index","follow":"follow","max-snippet":"max-snippet:-1","max-image-preview":"max-image-preview:large","max-video-preview":"max-video-preview:-1"},"canonical":"\/","og_locale":"fr_FR","og_type":"article","og_site_name":"Fiber4silage","og_image":[{"width":1200,"height":600,"url":"https:\/\/fiber4silage.dope.studio\/wp-content\/uploads\/2022\/03\/og_image.png","type":"image\/png"}],"twitter_card":"summary_large_image","schema":{"@context":"https:\/\/schema.org","@graph":[{"@type":"CollectionPage","@id":null,"url":"","name":"","isPartOf":{"@id":"https:\/\/fiber4silage.dope.studio\/fr\/#website"},"inLanguage":"fr-FR"},{"@type":"WebSite","@id":"https:\/\/fiber4silage.dope.studio\/fr\/#website","url":"https:\/\/fiber4silage.dope.studio\/fr\/","name":"Fiber4silage","description":"\u0386\u03bb\u03bb\u03bf\u03c2 \u03ad\u03bd\u03b1\u03c2 \u03b9\u03c3\u03c4\u03cc\u03c4\u03bf\u03c0\u03bf\u03c2 WordPress","publisher":{"@id":"https:\/\/fiber4silage.dope.studio\/fr\/#organization"},"potentialAction":[{"@type":"SearchAction","target":{"@type":"EntryPoint","urlTemplate":"https:\/\/fiber4silage.dope.studio\/fr\/?s={search_term_string}"},"query-input":{"@type":"PropertyValueSpecification","valueRequired":true,"valueName":"search_term_string"}}],"inLanguage":"fr-FR"},{"@type":"Organization","@id":"https:\/\/fiber4silage.dope.studio\/fr\/#organization","name":"Fiber4silage","url":"https:\/\/fiber4silage.dope.studio\/fr\/","logo":{"@type":"ImageObject","inLanguage":"fr-FR","@id":"https:\/\/fiber4silage.dope.studio\/fr\/#\/schema\/logo\/image\/","url":"https:\/\/fiber4silage.dope.studio\/wp-content\/uploads\/2022\/01\/Group-19608.png","contentUrl":"https:\/\/fiber4silage.dope.studio\/wp-content\/uploads\/2022\/01\/Group-19608.png","width":269,"height":54,"caption":"Fiber4silage"},"image":{"@id":"https:\/\/fiber4silage.dope.studio\/fr\/#\/schema\/logo\/image\/"}}]}},"_links":{"self":[{"href":"https:\/\/fiber4silage.dope.studio\/fr\/wp-json\/wp\/v2\/pages\/954","targetHints":{"allow":["GET"]}}],"collection":[{"href":"https:\/\/fiber4silage.dope.studio\/fr\/wp-json\/wp\/v2\/pages"}],"about":[{"href":"https:\/\/fiber4silage.dope.studio\/fr\/wp-json\/wp\/v2\/types\/page"}],"author":[{"embeddable":true,"href":"https:\/\/fiber4silage.dope.studio\/fr\/wp-json\/wp\/v2\/users\/1"}],"replies":[{"embeddable":true,"href":"https:\/\/fiber4silage.dope.studio\/fr\/wp-json\/wp\/v2\/comments?post=954"}],"version-history":[{"count":3,"href":"https:\/\/fiber4silage.dope.studio\/fr\/wp-json\/wp\/v2\/pages\/954\/revisions"}],"predecessor-version":[{"id":957,"href":"https:\/\/fiber4silage.dope.studio\/fr\/wp-json\/wp\/v2\/pages\/954\/revisions\/957"}],"wp:featuredmedia":[{"embeddable":true,"href":"https:\/\/fiber4silage.dope.studio\/fr\/wp-json\/wp\/v2\/media\/853"}],"wp:attachment":[{"href":"https:\/\/fiber4silage.dope.studio\/fr\/wp-json\/wp\/v2\/media?parent=954"}],"curies":[{"name":"wp","href":"https:\/\/api.w.org\/{rel}","templated":true}]}}